{"id":110,"date":"2019-02-18T21:52:06","date_gmt":"2019-02-18T20:52:06","guid":{"rendered":"http:\/\/www3.holc.waw.pl\/?page_id=110"},"modified":"2025-04-29T12:28:20","modified_gmt":"2025-04-29T10:28:20","slug":"bezpieczenswo-informatyczne","status":"publish","type":"page","link":"https:\/\/www.holc.waw.pl\/index.php\/bezpieczenswo-informatyczne\/","title":{"rendered":"Bezpiecze\u0144swo informatyczne"},"content":{"rendered":"<h3 class=\"\" data-start=\"178\" data-end=\"227\">Bezpiecze\u0144stwo cyfrowe, kt\u00f3re buduje zaufanie<\/h3>\n<p class=\"\" data-start=\"229\" data-end=\"419\">Zarz\u0105dzanie nieruchomo\u015bciami w XXI wieku to nie tylko finanse, ludzie i mury \u2014 to tak\u017ce dane.<\/p>\n<p class=\"\" data-start=\"229\" data-end=\"419\">Dlatego inwestujemy w rozwi\u0105zania, kt\u00f3re chroni\u0105 naszych Klient\u00f3w i usprawniaj\u0105 codzienn\u0105 prac\u0119.<\/p>\n<ul data-start=\"443\" data-end=\"964\">\n<li class=\"\" data-start=\"443\" data-end=\"563\">\n<p class=\"\" data-start=\"445\" data-end=\"563\"><strong data-start=\"445\" data-end=\"503\">Wsp\u00f3\u0142pracujemy z wyspecjalizowan\u0105, zewn\u0119trzn\u0105 firm\u0105 IT<\/strong>, kt\u00f3ra na bie\u017c\u0105co monitoruje i zabezpiecza nasze systemy.<\/p>\n<\/li>\n<li class=\"\" data-start=\"564\" data-end=\"674\">\n<p class=\"\" data-start=\"566\" data-end=\"674\"><strong data-start=\"566\" data-end=\"588\">Dzia\u0142amy w chmurze<\/strong> \u2013 nasze dane s\u0105 bezpieczne, szyfrowane i dost\u0119pne zawsze wtedy, kiedy s\u0105 potrzebne.<\/p>\n<\/li>\n<li class=\"\" data-start=\"675\" data-end=\"758\">\n<p class=\"\" data-start=\"677\" data-end=\"758\"><strong data-start=\"677\" data-end=\"707\">Systematyczne aktualizacje<\/strong> \u2013 nie czekamy na problemy, tylko im zapobiegamy.<\/p>\n<\/li>\n<li class=\"\" data-start=\"759\" data-end=\"867\">\n<p class=\"\" data-start=\"761\" data-end=\"867\"><strong data-start=\"761\" data-end=\"836\">\u015aledzimy najnowsze technologie i wdra\u017camy je do naszej codziennej pracy<\/strong>, zanim stan\u0105 si\u0119 standardem.<\/p>\n<\/li>\n<li class=\"\" data-start=\"868\" data-end=\"964\">\n<p class=\"\" data-start=\"870\" data-end=\"964\"><strong data-start=\"870\" data-end=\"908\">Automatyzujemy procesy z pomoc\u0105 AI<\/strong>, by dzia\u0142a\u0107 szybciej, sprawniej i z wi\u0119ksz\u0105 precyzj\u0105.<\/p>\n<\/li>\n<\/ul>\n<p class=\"\" data-start=\"966\" data-end=\"1020\">Bezpiecze\u0144stwo to dla nas nie dodatek. <strong>To fundament.<\/strong><\/p>\n","protected":false},"excerpt":{"rendered":"<p>Bezpiecze\u0144stwo cyfrowe, kt\u00f3re buduje zaufanie Zarz\u0105dzanie nieruchomo\u015bciami w XXI wieku to nie tylko finanse, ludzie i mury \u2014 to tak\u017ce dane. Dlatego inwestujemy w rozwi\u0105zania, kt\u00f3re chroni\u0105 naszych Klient\u00f3w i usprawniaj\u0105 codzienn\u0105 prac\u0119. Wsp\u00f3\u0142pracujemy z wyspecjalizowan\u0105, zewn\u0119trzn\u0105 firm\u0105 IT, kt\u00f3ra na bie\u017c\u0105co monitoruje i zabezpiecza nasze systemy. Dzia\u0142amy w chmurze \u2013 nasze dane s\u0105 bezpieczne, &hellip; <a href=\"https:\/\/www.holc.waw.pl\/index.php\/bezpieczenswo-informatyczne\/\" class=\"more-link\">Czytaj dalej <span class=\"screen-reader-text\">Bezpiecze\u0144swo informatyczne<\/span><\/a><\/p>\n","protected":false},"author":1,"featured_media":0,"parent":0,"menu_order":0,"comment_status":"closed","ping_status":"closed","template":"","meta":[],"_links":{"self":[{"href":"https:\/\/www.holc.waw.pl\/index.php\/wp-json\/wp\/v2\/pages\/110"}],"collection":[{"href":"https:\/\/www.holc.waw.pl\/index.php\/wp-json\/wp\/v2\/pages"}],"about":[{"href":"https:\/\/www.holc.waw.pl\/index.php\/wp-json\/wp\/v2\/types\/page"}],"author":[{"embeddable":true,"href":"https:\/\/www.holc.waw.pl\/index.php\/wp-json\/wp\/v2\/users\/1"}],"replies":[{"embeddable":true,"href":"https:\/\/www.holc.waw.pl\/index.php\/wp-json\/wp\/v2\/comments?post=110"}],"version-history":[{"count":9,"href":"https:\/\/www.holc.waw.pl\/index.php\/wp-json\/wp\/v2\/pages\/110\/revisions"}],"predecessor-version":[{"id":249,"href":"https:\/\/www.holc.waw.pl\/index.php\/wp-json\/wp\/v2\/pages\/110\/revisions\/249"}],"wp:attachment":[{"href":"https:\/\/www.holc.waw.pl\/index.php\/wp-json\/wp\/v2\/media?parent=110"}],"curies":[{"name":"wp","href":"https:\/\/api.w.org\/{rel}","templated":true}]}}