{"id":223,"date":"2025-04-25T12:43:46","date_gmt":"2025-04-25T10:43:46","guid":{"rendered":"https:\/\/www.holc.waw.pl\/?page_id=223"},"modified":"2025-12-15T14:19:35","modified_gmt":"2025-12-15T13:19:35","slug":"zarzadzanie-nieruchomosciami","status":"publish","type":"page","link":"https:\/\/www.holc.waw.pl\/","title":{"rendered":"Zarz\u0105dzanie nieruchomo\u015bciami"},"content":{"rendered":"\n<p><strong>Zarz\u0105dzanie nieruchomo\u015bciami, kt\u00f3re dzia\u0142a. <\/strong><br>Jeste\u015bmy liderem warszawskiego rynku &#8211; zarz\u0105dzamy nieruchomo\u015bciami tak,<strong> jakby by\u0142y nasze<\/strong> w\u0142asne.<\/p>\n\n\n\n<p>Za naszym sukcesem stoi zesp\u00f3\u0142 specjalist\u00f3w, w tym <strong>licencjonowanych zarz\u0105dc\u00f3w PFRN<\/strong>, ale tak\u017ce:<\/p>\n\n\n\n<ul><li>do\u015bwiadczeni <strong>ksi\u0119gowi,<\/strong> kt\u00f3rzy bezb\u0142\u0119dnie porz\u0105dkuj\u0105 nawet najbardziej zaniedbane finanse*<\/li><li><strong>dzia\u0142 prawny<\/strong>, kt\u00f3ry zamiast mno\u017cy\u0107 koszty, rozwi\u0105zuje problemy szybko i skutecznie.<\/li><\/ul>\n\n\n\n<p>Wsp\u00f3\u0142praca z nami <strong>zapewnia<\/strong> przejrzysto\u015b\u0107, spok\u00f3j i pe\u0142n\u0105 kontrol\u0119 nad ka\u017cd\u0105 z\u0142ot\u00f3wk\u0105 wsp\u00f3lnoty.<\/p>\n\n\n\n<p>Sprawd\u017a, jak wygl\u0105da nowoczesne zarz\u0105dzanie w praktyce i popro\u015b o ofert\u0119: <a href=\"mailto:sekretariat@holc.waw.pl\">sekretariat@holc.waw.pl<\/a><\/p>\n\n\n\n<p><\/p>\n\n\n\n<p class=\"has-small-font-size\">*Ewentualny koszt audytu ksi\u0119gowego i zwi\u0105zane z nim zadania, dotycz\u0105ce okresu przed zawarciem umowy o zarz\u0105dzanie, podlegaj\u0105 indywidualnym ustaleniom. <\/p>\n","protected":false},"excerpt":{"rendered":"<p>Zarz\u0105dzanie nieruchomo\u015bciami, kt\u00f3re dzia\u0142a. Jeste\u015bmy liderem warszawskiego rynku &#8211; zarz\u0105dzamy nieruchomo\u015bciami tak, jakby by\u0142y nasze w\u0142asne. Za naszym sukcesem stoi zesp\u00f3\u0142 specjalist\u00f3w, w tym licencjonowanych zarz\u0105dc\u00f3w PFRN, ale tak\u017ce: do\u015bwiadczeni ksi\u0119gowi, kt\u00f3rzy bezb\u0142\u0119dnie porz\u0105dkuj\u0105 nawet najbardziej zaniedbane finanse* dzia\u0142 prawny, kt\u00f3ry zamiast mno\u017cy\u0107 koszty, rozwi\u0105zuje problemy szybko i skutecznie. Wsp\u00f3\u0142praca z nami zapewnia przejrzysto\u015b\u0107, spok\u00f3j &hellip; <a href=\"https:\/\/www.holc.waw.pl\/\" class=\"more-link\">Czytaj dalej <span class=\"screen-reader-text\">Zarz\u0105dzanie nieruchomo\u015bciami<\/span><\/a><\/p>\n","protected":false},"author":1,"featured_media":361,"parent":0,"menu_order":0,"comment_status":"closed","ping_status":"closed","template":"","meta":[],"_links":{"self":[{"href":"https:\/\/www.holc.waw.pl\/index.php\/wp-json\/wp\/v2\/pages\/223"}],"collection":[{"href":"https:\/\/www.holc.waw.pl\/index.php\/wp-json\/wp\/v2\/pages"}],"about":[{"href":"https:\/\/www.holc.waw.pl\/index.php\/wp-json\/wp\/v2\/types\/page"}],"author":[{"embeddable":true,"href":"https:\/\/www.holc.waw.pl\/index.php\/wp-json\/wp\/v2\/users\/1"}],"replies":[{"embeddable":true,"href":"https:\/\/www.holc.waw.pl\/index.php\/wp-json\/wp\/v2\/comments?post=223"}],"version-history":[{"count":5,"href":"https:\/\/www.holc.waw.pl\/index.php\/wp-json\/wp\/v2\/pages\/223\/revisions"}],"predecessor-version":[{"id":318,"href":"https:\/\/www.holc.waw.pl\/index.php\/wp-json\/wp\/v2\/pages\/223\/revisions\/318"}],"wp:featuredmedia":[{"embeddable":true,"href":"https:\/\/www.holc.waw.pl\/index.php\/wp-json\/wp\/v2\/media\/361"}],"wp:attachment":[{"href":"https:\/\/www.holc.waw.pl\/index.php\/wp-json\/wp\/v2\/media?parent=223"}],"curies":[{"name":"wp","href":"https:\/\/api.w.org\/{rel}","templated":true}]}}