{"id":319,"date":"2025-11-12T10:15:54","date_gmt":"2025-11-12T09:15:54","guid":{"rendered":"https:\/\/www.holc.waw.pl\/?page_id=319"},"modified":"2025-11-13T10:45:18","modified_gmt":"2025-11-13T09:45:18","slug":"oferty-sprzedazy","status":"publish","type":"page","link":"https:\/\/www.holc.waw.pl\/index.php\/oferty-sprzedazy\/","title":{"rendered":"Oferty sprzeda\u017cy"},"content":{"rendered":"\n<p class=\"has-medium-font-size\"><a href=\"https:\/\/www.otodom.pl\/pl\/firmy\/biura-nieruchomosci\/holc-i-wspolnicy-sp-j-ID10612935\" target=\"_blank\" rel=\"noreferrer noopener\">Aktualne oferty sprzeda\u017cy.<\/a><\/p>\n\n\n\n<p class=\"has-medium-font-size\">Posiadamy tak\u017ce ofert OFF MARKET, kt\u00f3rych nie znajdziecie w internecie. <\/p>\n\n\n\n<p class=\"has-medium-font-size\">Zapraszamy do kontaktu indywidualnego: 534 098 660<\/p>\n","protected":false},"excerpt":{"rendered":"<p>Aktualne oferty sprzeda\u017cy. Posiadamy tak\u017ce ofert OFF MARKET, kt\u00f3rych nie znajdziecie w internecie. Zapraszamy do kontaktu indywidualnego: 534 098 660<\/p>\n","protected":false},"author":2,"featured_media":0,"parent":0,"menu_order":0,"comment_status":"closed","ping_status":"closed","template":"","meta":[],"_links":{"self":[{"href":"https:\/\/www.holc.waw.pl\/index.php\/wp-json\/wp\/v2\/pages\/319"}],"collection":[{"href":"https:\/\/www.holc.waw.pl\/index.php\/wp-json\/wp\/v2\/pages"}],"about":[{"href":"https:\/\/www.holc.waw.pl\/index.php\/wp-json\/wp\/v2\/types\/page"}],"author":[{"embeddable":true,"href":"https:\/\/www.holc.waw.pl\/index.php\/wp-json\/wp\/v2\/users\/2"}],"replies":[{"embeddable":true,"href":"https:\/\/www.holc.waw.pl\/index.php\/wp-json\/wp\/v2\/comments?post=319"}],"version-history":[{"count":3,"href":"https:\/\/www.holc.waw.pl\/index.php\/wp-json\/wp\/v2\/pages\/319\/revisions"}],"predecessor-version":[{"id":351,"href":"https:\/\/www.holc.waw.pl\/index.php\/wp-json\/wp\/v2\/pages\/319\/revisions\/351"}],"wp:attachment":[{"href":"https:\/\/www.holc.waw.pl\/index.php\/wp-json\/wp\/v2\/media?parent=319"}],"curies":[{"name":"wp","href":"https:\/\/api.w.org\/{rel}","templated":true}]}}