{"id":67,"date":"2019-02-18T19:00:30","date_gmt":"2019-02-18T18:00:30","guid":{"rendered":"http:\/\/www3.holc.waw.pl\/?page_id=67"},"modified":"2025-11-05T13:24:23","modified_gmt":"2025-11-05T12:24:23","slug":"strefa-mieszkancow","status":"publish","type":"page","link":"https:\/\/www.holc.waw.pl\/index.php\/strefa-mieszkancow\/","title":{"rendered":"Strefa Mieszka\u0144c\u00f3w"},"content":{"rendered":"<p>Zaloguj si\u0119 to Strefy Mieszka\u0144c\u00f3w :&nbsp;<a href=\"https:\/\/go.holc.waw.pl\/\">https:\/\/go.holc.waw.pl\/<\/a><\/p>\n\n\n<hr class=\"wp-block-separator\"\/>\n\n\n\n<h3>\ud83d\udce3 Kontakt w Sprawach Finansowych i Salda Konta<\/h3>\n\n\n\n<p>Szanowni Pa\u0144stwo,<\/p>\n\n\n\n<p>W sprawach <strong>indywidualnego stanu konta (zaleg\u0142o\u015bci \/ nadp\u0142aty)<\/strong> Dzia\u0142 Ksi\u0119gowo\u015bci jest do Pa\u0144stwa dyspozycji w dniach:<\/p>\n\n\n\n<ul><li><strong>Poniedzia\u0142ek 8:30 \u2013 15:30<\/strong><\/li><li><s>Wtorek<\/s><\/li><li><strong>\u015aroda<\/strong> <strong>8:30 \u2013 15:30<\/strong><\/li><li><strong>Czwartek<\/strong> <strong>8:30 \u2013 15:30<\/strong><\/li><li><s>Pi\u0105tek<\/s><\/li><\/ul>\n\n\n\n<p>Numer telefonu do Ksi\u0119gowego\/ Ksi\u0119gowej obs\u0142uguj\u0105cej Pa\u0144stwa budynek, dost\u0119pny jest u Administratora lub w dotychczasowej korespondencji e-mail z dzia\u0142em ksi\u0119gowo\u015bci.<\/p>\n\n\n\n<p>W trosce o sprawn\u0105 i szybk\u0105 obs\u0142ug\u0119 <strong>gor\u0105co zach\u0119camy do kontaktu drog\u0105 mailow\u0105<\/strong>, kt\u00f3ra umo\u017cliwia nam najszybsz\u0105 weryfikacj\u0119 Pa\u0144stwa danych i udzielenie precyzyjnej odpowiedzi wraz z niezb\u0119dnymi za\u0142\u0105cznikami (np. rozliczeniem).<\/p>\n","protected":false},"excerpt":{"rendered":"<p>Zaloguj si\u0119 to Strefy Mieszka\u0144c\u00f3w :&nbsp;https:\/\/go.holc.waw.pl\/ \ud83d\udce3 Kontakt w Sprawach Finansowych i Salda Konta Szanowni Pa\u0144stwo, W sprawach indywidualnego stanu konta (zaleg\u0142o\u015bci \/ nadp\u0142aty) Dzia\u0142 Ksi\u0119gowo\u015bci jest do Pa\u0144stwa dyspozycji w dniach: Poniedzia\u0142ek 8:30 \u2013 15:30 Wtorek \u015aroda 8:30 \u2013 15:30 Czwartek 8:30 \u2013 15:30 Pi\u0105tek Numer telefonu do Ksi\u0119gowego\/ Ksi\u0119gowej obs\u0142uguj\u0105cej Pa\u0144stwa budynek, dost\u0119pny &hellip; <a href=\"https:\/\/www.holc.waw.pl\/index.php\/strefa-mieszkancow\/\" class=\"more-link\">Czytaj dalej <span class=\"screen-reader-text\">Strefa Mieszka\u0144c\u00f3w<\/span><\/a><\/p>\n","protected":false},"author":1,"featured_media":68,"parent":0,"menu_order":0,"comment_status":"closed","ping_status":"closed","template":"","meta":[],"_links":{"self":[{"href":"https:\/\/www.holc.waw.pl\/index.php\/wp-json\/wp\/v2\/pages\/67"}],"collection":[{"href":"https:\/\/www.holc.waw.pl\/index.php\/wp-json\/wp\/v2\/pages"}],"about":[{"href":"https:\/\/www.holc.waw.pl\/index.php\/wp-json\/wp\/v2\/types\/page"}],"author":[{"embeddable":true,"href":"https:\/\/www.holc.waw.pl\/index.php\/wp-json\/wp\/v2\/users\/1"}],"replies":[{"embeddable":true,"href":"https:\/\/www.holc.waw.pl\/index.php\/wp-json\/wp\/v2\/comments?post=67"}],"version-history":[{"count":6,"href":"https:\/\/www.holc.waw.pl\/index.php\/wp-json\/wp\/v2\/pages\/67\/revisions"}],"predecessor-version":[{"id":335,"href":"https:\/\/www.holc.waw.pl\/index.php\/wp-json\/wp\/v2\/pages\/67\/revisions\/335"}],"wp:featuredmedia":[{"embeddable":true,"href":"https:\/\/www.holc.waw.pl\/index.php\/wp-json\/wp\/v2\/media\/68"}],"wp:attachment":[{"href":"https:\/\/www.holc.waw.pl\/index.php\/wp-json\/wp\/v2\/media?parent=67"}],"curies":[{"name":"wp","href":"https:\/\/api.w.org\/{rel}","templated":true}]}}